{"id":16656,"date":"2024-05-22T17:00:46","date_gmt":"2024-05-22T21:00:46","guid":{"rendered":"https:\/\/nnremorques.ca\/?page_id=16656"},"modified":"2026-02-11T13:17:18","modified_gmt":"2026-02-11T18:17:18","slug":"packc6","status":"publish","type":"page","link":"https:\/\/nnremorques.ca\/en\/packc6\/","title":{"rendered":"Pack C6"},"content":{"rendered":"[vc_row full_width=&#8221;stretch_row_content_no_spaces&#8221; content_placement=&#8221;middle&#8221; css=&#8221;.vc_custom_1718907798820{padding-top: 130px !important;background-image: url(https:\/\/nnremorques.ca\/wp-content\/uploads\/PlateformeTimon10K-Header-ret.jpg?id=16884) !important;background-position: center !important;background-repeat: no-repeat !important;background-size: cover !important;}&#8221; el_class=&#8221;page-sec-header&#8221;][vc_column][vc_row_inner][vc_column_inner][vc_empty_space height=&#8221;80vh&#8221; el_class=&#8221;mobile-60vh&#8221;][\/vc_column_inner][\/vc_row_inner][vc_column_text css=&#8221;.vc_custom_1718221698270{padding-top: 40px !important;padding-bottom: 40px !important;}&#8221; el_class=&#8221;txt-superpose txt-blanc&#8221;]\n<h2 style=\"text-align: right;\">Model : PACK<\/h2>\n[\/vc_column_text][\/vc_column][\/vc_row][vc_row full_width=&#8221;stretch_row_content&#8221; css=&#8221;.vc_custom_1664393958706{margin-top: 0px !important;padding-top: 0px !important;}&#8221; el_class=&#8221;titre-produit&#8221;][vc_column][vc_row_inner equal_height=&#8221;yes&#8221; content_placement=&#8221;middle&#8221; css=&#8221;.vc_custom_1664393914824{margin-top: 0px !important;padding-top: 0px !important;}&#8221; el_class=&#8221;titre-produit max-width&#8221;][vc_column_inner width=&#8221;1\/2&#8243; css=&#8221;.vc_custom_1715951293839{margin-top: 50px !important;margin-right: 35px !important;margin-bottom: 50px !important;margin-left: 35px !important;padding-top: 50px !important;padding-right: 50px !important;padding-bottom: 50px !important;padding-left: 50px !important;background-image: url(https:\/\/nnremorques.ca\/wp-content\/uploads\/Signature-Pack-EN.svg?id=16440) !important;background-position: center !important;background-repeat: no-repeat !important;background-size: contain !important;}&#8221;][vc_empty_space height=&#8221;88px&#8221;][\/vc_column_inner][vc_column_inner width=&#8221;1\/2&#8243; css=&#8221;.vc_custom_1664377395512{background-color: #e4002b !important;}&#8221;][vc_column_text el_class=&#8221;upper&#8221; css=&#8221;.vc_custom_1716902906762{margin-bottom: 0px !important;}&#8221;]\n<p class=\"upper txt-blanc t-section\" style=\"text-align: center;\">FUNCTIONAL. LIGHTWEIGHT.<br \/>\nWELL BALANCED.<\/p>\n[\/vc_column_text][\/vc_column_inner][\/vc_row_inner][\/vc_column][\/vc_row][vc_section full_width=&#8221;stretch_row_content&#8221; css=&#8221;.vc_custom_1664392859606{padding-bottom: 4em !important;background-color: #4a3041 !important;}&#8221;][vc_row full_width=&#8221;stretch_row&#8221; content_placement=&#8221;middle&#8221; css=&#8221;.vc_custom_1664890650362{background-color: #4a3041 !important;}&#8221; el_class=&#8221;pad-4em&#8221;][vc_column width=&#8221;1\/6&#8243; css=&#8221;.vc_custom_1517509543068{padding-top: 0px !important;padding-bottom: 0px !important;}&#8221;][\/vc_column][vc_column width=&#8221;2\/3&#8243; css=&#8221;.vc_custom_1664890795483{padding-right: 15px !important;padding-left: 15px !important;}&#8221;][vc_column_text css=&#8221;.vc_custom_1718824235754{padding-left: 15px !important;}&#8221;]\n<h1 class=\"upper txt-blanc t-section\" style=\"text-align: center; margin-bottom: 0; padding-bottom: 0;\">102&#8243; (10K) Bumper pull deckover trailer<\/h1>\n<p class=\"intro txt-blanc p\" style=\"text-align: center;\">The 102&#8243; (10K) Pack deckover trailer is easy to load and unload with a forklift.<\/p>\n[\/vc_column_text][\/vc_column][vc_column width=&#8221;1\/6&#8243;][\/vc_column][\/vc_row][vc_row content_placement=&#8221;middle&#8221; el_class=&#8221;One_col_equal bloc-blanc-large-xl max-width&#8221; css=&#8221;.vc_custom_1718302298549{margin-top: 64px !important;}&#8221;][vc_column width=&#8221;2\/3&#8243; css=&#8221;.vc_custom_1678739922181{padding-top: 0px !important;padding-left: 0px !important;}&#8221;][vc_empty_space height=&#8221;475px&#8221; css=&#8221;.vc_custom_1718907900095{padding-top: 0px !important;padding-right: 0px !important;padding-left: 0px !important;background-image: url(https:\/\/nnremorques.ca\/wp-content\/uploads\/PlateformeTimon10K-SectionL-ret.jpg?id=16892) !important;background-position: center !important;background-repeat: no-repeat !important;background-size: cover !important;}&#8221; el_class=&#8221;border-rad-left full-1200 img-mobile&#8221;][\/vc_column][vc_column width=&#8221;1\/3&#8243; el_class=&#8221;full-1200&#8243; css=&#8221;.vc_custom_1678740435818{margin-top: 0px !important;padding-top: 0px !important;background-color: #ffffff !important;}&#8221;][vc_column_text css=&#8221;.vc_custom_1719322796176{padding-top: 40px !important;padding-right: 15px !important;padding-bottom: 40px !important;padding-left: 15px !important;}&#8221;]\n<h2 class=\"txt-rouge\" style=\"text-align: center;\"><strong>Standard galvanized axles<\/strong><\/h2>\n<p style=\"text-align: center;\">Take the road confidently with the 102&#8243;\u00a0(10K)\u00a0bumper\u00a0pull deckover trailer with 2\u00a0x\u00a05\u00a0200\u00a0lb axle on 225-75R15, 8-ply\u00a0tires.<\/p>\n<p style=\"text-align: center;\">Featured model: PACK\u201116G10K<\/p>\n[\/vc_column_text][\/vc_column][\/vc_row][vc_row gap=&#8221;10&#8243; equal_height=&#8221;yes&#8221; el_class=&#8221;flex-space-btw boite-mobile max-width space-top-4&#8243;][vc_column width=&#8221;1\/2&#8243; el_class=&#8221;bloc-blanc-large no-padding&#8221;][vc_empty_space height=&#8221;475px&#8221; css=&#8221;.vc_custom_1718907957527{background-image: url(https:\/\/nnremorques.ca\/wp-content\/uploads\/PlateformeTimon10K-Section-Timon-ret.jpg?id=16888) !important;background-position: center !important;background-repeat: no-repeat !important;background-size: cover !important;}&#8221; el_class=&#8221;border-rad-top img-mobile&#8221;][vc_column_text css=&#8221;.vc_custom_1718825712194{padding-top: 40px !important;padding-bottom: 40px !important;}&#8221;]\n<h2 class=\"txt-rouge\" style=\"text-align: center;\"><strong>Great versatility<\/strong><\/h2>\n<p style=\"text-align: center;\">Thanks to its drawbar configuration, the 102&#8243; (10K) Pack galvanized bumper pull deckover trailer can be used with a wide variety of vehicles, making it the perfect equipment transport solution.<\/p>\n[\/vc_column_text][\/vc_column][vc_column width=&#8221;1\/2&#8243; el_class=&#8221;bloc-blanc-large no-padding&#8221;][vc_empty_space height=&#8221;475px&#8221; css=&#8221;.vc_custom_1713971842375{background-image: url(https:\/\/nnremorques.ca\/wp-content\/uploads\/Trailer-Pack-Hitching-rails.jpg?id=11878) !important;background-position: center !important;background-repeat: no-repeat !important;background-size: cover !important;}&#8221; el_class=&#8221;border-rad-top img-mobile&#8221;][vc_column_text css=&#8221;.vc_custom_1718828148802{padding-top: 40px !important;padding-bottom: 40px !important;}&#8221;]\n<h2 class=\"txt-rouge\" style=\"text-align: center;\"><strong>Spacious and easy to access<\/strong><\/h2>\n<p style=\"text-align: center;\">The 102&#8243; (10K) Pack bumper pull deckover trailer provides a spacious loading area and easy access due to its fenderless design, allowing straightforward loading and unloading with a forklift truck.<\/p>\n[\/vc_column_text][\/vc_column][\/vc_row][vc_row gap=&#8221;10&#8243; equal_height=&#8221;yes&#8221; el_class=&#8221;flex-space-btw boite-mobile max-width space-top-4&#8243;][vc_column width=&#8221;1\/2&#8243; el_class=&#8221;bloc-blanc-large no-padding&#8221;][vc_empty_space height=&#8221;475px&#8221; css=&#8221;.vc_custom_1719321621299{background-image: url(https:\/\/nnremorques.ca\/wp-content\/uploads\/PlateformeTimon10K-Section-Tiroir-ret.jpg?id=16890) !important;background-position: center !important;background-repeat: no-repeat !important;background-size: cover !important;}&#8221; el_class=&#8221;border-rad-top img-mobile&#8221;][vc_column_text css=&#8221;.vc_custom_1718829081060{padding-top: 40px !important;padding-bottom: 40px !important;}&#8221;]\n<h2 class=\"txt-rouge\" style=\"text-align: center;\"><strong>Optional slide-in ramp<\/strong><\/h2>\n<p style=\"text-align: center;\">With this optional 90 in. slide-in ramp on your 102&#8243; (10K) Pack bumper pull deckover trailer, you will never interfere with your loading capacity.<\/p>\n[\/vc_column_text][\/vc_column][vc_column width=&#8221;1\/2&#8243; el_class=&#8221;bloc-blanc-large no-padding&#8221;][vc_empty_space height=&#8221;475px&#8221; css=&#8221;.vc_custom_1718908074588{background-image: url(https:\/\/nnremorques.ca\/wp-content\/uploads\/PlateformeTimon10K-Section-Plancher-ret-2.jpg?id=16904) !important;background-position: center !important;background-repeat: no-repeat !important;background-size: cover !important;}&#8221; el_class=&#8221;border-rad-top img-mobile&#8221;][vc_column_text css=&#8221;.vc_custom_1718829058841{padding-top: 40px !important;padding-bottom: 40px !important;}&#8221;]\n<h2 class=\"txt-rouge\" style=\"text-align: center;\"><strong>Standard tie-down and C-track<\/strong><\/h2>\n<p style=\"text-align: center;\">The 102&#8243; (10K) Pack bumper pull trailer is easy to secure and handle, thanks to 30 ft. curb rails and a profile rail that allows the addition of a galvanized winch.<\/p>\n[\/vc_column_text][\/vc_column][\/vc_row][vc_row gap=&#8221;10&#8243; equal_height=&#8221;yes&#8221; disable_element=&#8221;yes&#8221; el_class=&#8221;flex-space-btw boite-mobile max-width space-top-4&#8243;][vc_column width=&#8221;1\/2&#8243; el_class=&#8221;bloc-blanc-large no-padding&#8221;][vc_empty_space height=&#8221;475px&#8221; css=&#8221;.vc_custom_1680794791106{background-image: url(https:\/\/nnremorques.ca\/wp-content\/uploads\/NN-13-Rhino-Junior-Plancher-2.jpg?id=14202) !important;background-position: center !important;background-repeat: no-repeat !important;background-size: cover !important;}&#8221; el_class=&#8221;border-rad-top img-mobile&#8221;][vc_column_text css=&#8221;.vc_custom_1678984883619{padding-top: 40px !important;padding-bottom: 40px !important;}&#8221;]\n<h2 class=\"txt-rouge\" style=\"text-align: center;\"><strong>Flexibilit\u00e9<\/strong><\/h2>\n<p style=\"text-align: center;\">Il y a une Plateforme Rhino Junior (14K, 16K, 20K, 21K) qui s&#8217;adapte \u00e0 vos besoins en espace de chargement. Cette remorque est offerte avec un plancher de 18, 20, 22, ou 25 pieds. Pour une longueur de plateforme sur mesure, contactez votre d\u00e9taillant.<\/p>\n[\/vc_column_text][\/vc_column][vc_column width=&#8221;1\/2&#8243; el_class=&#8221;bloc-blanc-large no-padding&#8221;][vc_empty_space height=&#8221;475px&#8221; css=&#8221;.vc_custom_1680794796008{background-image: url(https:\/\/nnremorques.ca\/wp-content\/uploads\/NN-14-Buffalo-Junior-Frame-HBeam.jpg?id=13903) !important;background-position: center !important;background-repeat: no-repeat !important;background-size: cover !important;}&#8221; el_class=&#8221;border-rad-top img-mobile&#8221;][vc_column_text css=&#8221;.vc_custom_1678984924662{padding-top: 40px !important;padding-bottom: 40px !important;}&#8221;]\n<h2 class=\"txt-rouge\" style=\"text-align: center;\"><strong>Compacte et l\u00e9g\u00e8re<\/strong><\/h2>\n<p style=\"text-align: center;\">La Plateforme Rhino Junior (14K, 16K, 20K, 21K) est port\u00e9e par une structure en acier \u00e9pais et poutres en H de 8 pouces de haut (H-beam) pour assurer robustesse et l\u00e9g\u00e8ret\u00e9. Sign\u00e9e N&amp;N Remorques, la Plateforme Rhino Junior se d\u00e9marque sur le march\u00e9.<\/p>\n[\/vc_column_text][\/vc_column][\/vc_row][vc_row content_placement=&#8221;middle&#8221; disable_element=&#8221;yes&#8221; el_class=&#8221;One_col_equal bloc-blanc-large-xl max-width space-margin-top-4&#8243;][vc_column width=&#8221;2\/3&#8243; css=&#8221;.vc_custom_1678739922181{padding-top: 0px !important;padding-left: 0px !important;}&#8221;][vc_empty_space height=&#8221;475px&#8221; css=&#8221;.vc_custom_1680794840102{padding-top: 0px !important;padding-right: 0px !important;padding-left: 0px !important;background-image: url(https:\/\/nnremorques.ca\/wp-content\/uploads\/NN-13-Rhino-Junior-20K.jpg?id=14129) !important;background-position: center !important;background-repeat: no-repeat !important;background-size: cover !important;}&#8221; el_class=&#8221;border-rad-left full-1200 img-mobile&#8221;][\/vc_column][vc_column width=&#8221;1\/3&#8243; el_class=&#8221;full-1200&#8243; css=&#8221;.vc_custom_1680795547951{margin-top: 0px !important;padding-top: 0px !important;background-color: #ffffff !important;}&#8221;][vc_column_text css=&#8221;.vc_custom_1679410259648{padding-top: 40px !important;padding-right: 15px !important;padding-bottom: 40px !important;padding-left: 15px !important;}&#8221;]\n<h2 class=\"txt-rouge\" style=\"text-align: center;\"><strong>La Rhino Junior 20K<\/strong><\/h2>\n<p style=\"text-align: center;\">La solide Plateforme Rhino Junior 20K est la preuve que les petits peuvent jouer dans la cour des grands! Avec ses 2 essieux (2 x 10 000 lb) sur roues simples et pneu 235-75R17.5, 18 plis, elle vous rendra de fiers services.<\/p>\n<p style=\"text-align: center;\">Mod\u00e8le : RHIJR205G20K<\/p>\n[\/vc_column_text][\/vc_column][\/vc_row][vc_row full_width=&#8221;stretch_row_content&#8221; content_placement=&#8221;middle&#8221; css=&#8221;.vc_custom_1680794865679{background-color: #4a3041 !important;}&#8221; el_class=&#8221;mobile-hide&#8221;][vc_column][vc_empty_space height=&#8221;10vh&#8221;][\/vc_column][\/vc_row][\/vc_section][vc_row full_width=&#8221;stretch_row_content&#8221; css=&#8221;.vc_custom_1655918614448{background-color: #e4002b !important;}&#8221;][vc_column css=&#8221;.vc_custom_1655992272392{margin-top: 0px !important;margin-bottom: 0px !important;padding-top: 0px !important;}&#8221;][vc_column_text el_class=&#8221;upper&#8221; css=&#8221;.vc_custom_1716411368399{margin-top: 0px !important;margin-bottom: 0px !important;padding-top: 0px !important;}&#8221;]\n<p class=\"upper txt-blanc t-section\" style=\"text-align: center;\">All N&amp;N FEATURES<\/p>\n[\/vc_column_text][\/vc_column][\/vc_row][vc_row css=&#8221;.vc_custom_1677097480471{margin-bottom: 0px !important;padding-top: 3em !important;padding-right: 5px !important;padding-bottom: 3em !important;padding-left: 5px !important;}&#8221;][vc_column width=&#8221;1\/6&#8243;][\/vc_column][vc_column width=&#8221;2\/3&#8243; css=&#8221;.vc_custom_1518195807257{padding-top: 0px !important;}&#8221;][vc_column_text]\n<p class=\"\" style=\"text-align: center;\"><span style=\"font-size: 18px;\">The 102&#8243; (10K) Pack bumper pull deckover trailer will be a reliable partner for many years! The design has been optimized for sturdiness: solid galvanized steel construction and durable hemlock flooring. Perfectly sized for all half-ton trucks. <\/span><\/p>\n[\/vc_column_text][\/vc_column][vc_column width=&#8221;1\/6&#8243;][\/vc_column][\/vc_row][vc_row full_width=&#8221;stretch_row_content_no_spaces&#8221; css=&#8221;.vc_custom_1669305872715{padding-bottom: 4em !important;}&#8221; el_class=&#8221;caracteristiques&#8221;][vc_column][vc_row_inner equal_height=&#8221;yes&#8221; gap=&#8221;10&#8243;][vc_column_inner width=&#8221;1\/4&#8243; css=&#8221;.vc_custom_1713463360605{background-image: url(https:\/\/nnremorques.ca\/wp-content\/uploads\/PlateformeTimon10K-Specs-Marche.jpg?id=16347) !important;background-position: center !important;background-repeat: no-repeat !important;background-size: cover !important;}&#8221;][vc_empty_space height=&#8221;300px&#8221;][vc_column_text css=&#8221;.vc_custom_1716411403684{padding-top: 20px !important;padding-bottom: 20px !important;background-color: #4a3041 !important;}&#8221; el_class=&#8221;carc-access&#8221;]\n<p style=\"text-align: center;\"><strong>Folding side step for easy platform access<\/strong><\/p>\n[\/vc_column_text][\/vc_column_inner][vc_column_inner width=&#8221;1\/4&#8243; css=&#8221;.vc_custom_1718908990248{background-image: url(https:\/\/nnremorques.ca\/wp-content\/uploads\/PlateformeTimon10K-Specs-Verin-ret-2.jpg?id=17030) !important;background-position: center !important;background-repeat: no-repeat !important;background-size: cover !important;}&#8221;][vc_empty_space height=&#8221;300px&#8221;][vc_column_text css=&#8221;.vc_custom_1716411417632{padding-top: 20px !important;padding-bottom: 20px !important;background-color: #4a3041 !important;}&#8221; el_class=&#8221;carc-access&#8221;]\n<p style=\"text-align: center;\"><strong>Standard 7,000 lb jack<\/strong><\/p>\n[\/vc_column_text][\/vc_column_inner][vc_column_inner width=&#8221;1\/4&#8243; css=&#8221;.vc_custom_1713466256841{background-image: url(https:\/\/nnremorques.ca\/wp-content\/uploads\/PlateformeTimon10K-Specs-Courroies.jpg?id=16370) !important;background-position: center !important;background-repeat: no-repeat !important;background-size: cover !important;}&#8221;][vc_empty_space height=&#8221;300px&#8221;][vc_column_text css=&#8221;.vc_custom_1718829102285{padding-top: 20px !important;padding-bottom: 20px !important;background-color: #4a3041 !important;}&#8221; el_class=&#8221;carc-access&#8221;]\n<p style=\"text-align: center;\"><strong>30 ft. straps with chain end<\/strong><\/p>\n[\/vc_column_text][\/vc_column_inner][vc_column_inner width=&#8221;1\/4&#8243; css=&#8221;.vc_custom_1713463749474{background-image: url(https:\/\/nnremorques.ca\/wp-content\/uploads\/PlateformeTimon10K-Specs-Led.jpg?id=16353) !important;background-position: center !important;background-repeat: no-repeat !important;background-size: cover !important;}&#8221;][vc_empty_space height=&#8221;300px&#8221;][vc_column_text css=&#8221;.vc_custom_1718202569996{padding-top: 20px !important;padding-bottom: 20px !important;background-color: #4a3041 !important;}&#8221; el_class=&#8221;carc-access&#8221;]\n<p style=\"text-align: center;\"><strong>LED lights for optinal visibility<\/strong><\/p>\n[\/vc_column_text][\/vc_column_inner][\/vc_row_inner][vc_row_inner equal_height=&#8221;yes&#8221; gap=&#8221;10&#8243;][vc_column_inner width=&#8221;1\/4&#8243; css=&#8221;.vc_custom_1718908380968{background-image: url(https:\/\/nnremorques.ca\/wp-content\/uploads\/PlateformeTimon10K-Specs-Coffre-11x11x46-2.jpg?id=16365) !important;background-position: center !important;background-repeat: no-repeat !important;background-size: cover !important;}&#8221;][vc_empty_space height=&#8221;300px&#8221;][vc_column_text css=&#8221;.vc_custom_1718829134392{padding-top: 20px !important;padding-bottom: 20px !important;background-color: #4a3041 !important;}&#8221; el_class=&#8221;carc-access&#8221;]\n<p style=\"text-align: center;\"><strong>Optional Norcan 11 in. x 11 in. x 46 in. box for extra storage space<\/strong><\/p>\n[\/vc_column_text][\/vc_column_inner][vc_column_inner width=&#8221;1\/4&#8243; css=&#8221;.vc_custom_1718908196470{background-image: url(https:\/\/nnremorques.ca\/wp-content\/uploads\/PlateformeTimon10K-Specs-Rails.jpg?id=16351) !important;background-position: center !important;background-repeat: no-repeat !important;background-size: cover !important;}&#8221;][vc_empty_space height=&#8221;300px&#8221;][vc_column_text css=&#8221;.vc_custom_1716411468952{padding-top: 20px !important;padding-bottom: 20px !important;background-color: #4a3041 !important;}&#8221; el_class=&#8221;carc-access&#8221;]\n<p style=\"text-align: center;\"><strong>Standard sliding winch profile rail<\/strong><\/p>\n[\/vc_column_text][\/vc_column_inner][vc_column_inner width=&#8221;1\/4&#8243; css=&#8221;.vc_custom_1718909709937{background-image: url(https:\/\/nnremorques.ca\/wp-content\/uploads\/PlateformeTimon10K-Specs-Pneu-ret-3.jpg?id=17037) !important;background-position: center !important;background-repeat: no-repeat !important;background-size: cover !important;}&#8221;][vc_empty_space height=&#8221;300px&#8221;][vc_column_text css=&#8221;.vc_custom_1718290128894{padding-top: 20px !important;padding-bottom: 20px !important;background-color: #4a3041 !important;}&#8221; el_class=&#8221;carc-access&#8221;]\n<p style=\"text-align: center;\"><strong>Optional tire and mount<\/strong><\/p>\n[\/vc_column_text][\/vc_column_inner][\/vc_row_inner][\/vc_column][\/vc_row][vc_row full_width=&#8221;stretch_row_content&#8221; css=&#8221;.vc_custom_1655918614448{background-color: #e4002b !important;}&#8221;][vc_column css=&#8221;.vc_custom_1655992272392{margin-top: 0px !important;margin-bottom: 0px !important;padding-top: 0px !important;}&#8221;][vc_column_text el_class=&#8221;upper&#8221; css=&#8221;.vc_custom_1716411539066{margin-top: 0px !important;margin-bottom: 0px !important;padding-top: 0px !important;}&#8221;]\n<p class=\"upper txt-blanc t-section\" style=\"text-align: center;\"><span style=\"font-weight: 400;\">TECHNICAL SPECIFICATIONS<\/span><\/p>\n[\/vc_column_text][\/vc_column][\/vc_row][vc_row full_width=&#8221;stretch_row&#8221; content_placement=&#8221;middle&#8221; css=&#8221;.vc_custom_1680795227166{background-color: #4a3041 !important;}&#8221; el_class=&#8221;pad-4em*&#8221;][vc_column css=&#8221;.vc_custom_1517518582078{padding-top: 0px !important;}&#8221;][vc_column_text el_id=&#8221;specs&#8221; el_class=&#8221;pad-top-32&#8243;]\n<h3 class=\"texte-blanc\" style=\"text-align: center; padding-top: 0px !important; padding-bottom: 16px; text-transform: uppercase !important;\">102&#8243; (10K) pack bumper pULL deckover trailer<\/h3>\n<p style=\"text-align: center;\"><table class=\"responsive\"><tbody\"><tr><th style=\"background-color:#fff;border-left:none!important;\">&nbsp;Model<\/th><th>Axles<\/th><th>Usable width<\/th><th>Usable length<\/th><th>GVWR<\/th><th>Empty weight<\/th><th>Payload<\/th><th>Technical sheet<\/th><\/tr><tr><td style=\"text-align:left;\">PAKC6-814G205<\/td><td style=\"text-align:center;\">2 x 5,200 lb (electric)<\/td><td style=\"text-align:center;\">102 in (8.5 ft)<\/td><td style=\"text-align:center;\">14 ft Floor<\/td><td style=\"text-align:center;\">9,819 lb<\/td><td style=\"text-align:center;\">2,500 lb<\/td><td style=\"text-align:center;\">7,319 lb<\/td><td style=\"text-align:center;\"><\/td><\/tr><tr><td style=\"text-align:left;\">PAKC6-816G205<\/td><td style=\"text-align:center;\">2 x 5,200 lb (electric)<\/td><td style=\"text-align:center;\">102 in (8.5 ft)<\/td><td style=\"text-align:center;\">16 ft Floor<\/td><td style=\"text-align:center;\">9,819 lb <\/td><td style=\"text-align:center;\">2,825 lb<\/td><td style=\"text-align:center;\">6,994 lb<\/td><td style=\"text-align:center;\"><\/td><\/tr><tr><td style=\"text-align:left;\">PAKC6-818G205<\/td><td style=\"text-align:center;\">2 x 5,200 lb (electric)<\/td><td style=\"text-align:center;\">102 in (8.5 ft)<\/td><td style=\"text-align:center;\">18 ft Floor<\/td><td style=\"text-align:center;\">9,819 lb<\/td><td style=\"text-align:center;\">3,175 lb<\/td><td style=\"text-align:center;\">6,644 lb<\/td><td style=\"text-align:center;\"><\/td><\/tr><tr><td style=\"text-align:left;\">PAKC6-820G205<\/td><td style=\"text-align:center;\">2 x 5,200 lb (electric)<\/td><td style=\"text-align:center;\">102 in (8.5 ft)<\/td><td style=\"text-align:center;\">20 ft Floor<\/td><td style=\"text-align:center;\">9,819 lb<\/td><td style=\"text-align:center;\">3,520 lb<\/td><td style=\"text-align:center;\">6,299 lb<\/td><td style=\"text-align:center;\"><\/td><\/tr><\/tbody\"><\/table>\n[\/vc_column_text][\/vc_column][\/vc_row][vc_row full_width=&#8221;stretch_row_content&#8221; content_placement=&#8221;middle&#8221; css=&#8221;.vc_custom_1664897684742{background-color: #4a3041 !important;}&#8221; el_class=&#8221;pad-4em&#8221;][vc_column width=&#8221;1\/6&#8243;][\/vc_column][vc_column width=&#8221;2\/3&#8243; css=&#8221;.vc_custom_1664898095032{padding-top: 0px !important;}&#8221;][vc_column_text el_class=&#8221;txt-blanc&#8221; css=&#8221;.vc_custom_1718826801337{padding-top: 0px !important;padding-bottom: 35px !important;}&#8221;]\n<h3 class=\"txt-blanc\" style=\"text-align: center;\">Need toughness, durability and maneuverability on the jobsite? Our 102&#8243; (10K) Pack bumper pole deckover trailer is up to the task!<\/h3>\n[\/vc_column_text][vc_row_inner css=&#8221;.vc_custom_1664898202457{padding-top: 0px !important;}&#8221;][vc_column_inner css=&#8221;.vc_custom_1664898169182{padding-top: 0px !important;}&#8221;][vc_column_text]\n<p style=\"text-align: center;\"><a href=\"https:\/\/nnremorques.ca\/en\/retail-outlets\/\">FIND A RETAILER<\/a><\/p>\n[\/vc_column_text][\/vc_column_inner][\/vc_row_inner][\/vc_column][vc_column width=&#8221;1\/6&#8243;][\/vc_column][\/vc_row]\n","protected":false},"excerpt":{"rendered":"<p>[vc_row full_width=&#8221;stretch_row_content_no_spaces&#8221; content_placement=&#8221;middle&#8221; css=&#8221;.vc_custom_1718907798820{padding-top: 130px !important;background-image: url(https:\/\/nnremorques.ca\/wp-content\/uploads\/PlateformeTimon10K-Header-ret.jpg?id=16884) !important;background-position: center !important;background-repeat: no-repeat !important;background-size: cover !important;}&#8221; el_class=&#8221;page-sec-header&#8221;][vc_column][vc_row_inner][vc_column_inner][vc_empty_space height=&#8221;80vh&#8221; el_class=&#8221;mobile-60vh&#8221;][\/vc_column_inner][\/vc_row_inner][vc_column_text css=&#8221;.vc_custom_1718221698270{padding-top: 40px !important;padding-bottom: [&hellip;]<\/p>\n","protected":false},"author":6,"featured_media":16900,"parent":0,"menu_order":0,"comment_status":"open","ping_status":"closed","template":"page-template-full-width.php","meta":{"inline_featured_image":false},"categories":[],"tags":[],"_links":{"self":[{"href":"https:\/\/nnremorques.ca\/en\/wp-json\/wp\/v2\/pages\/16656"}],"collection":[{"href":"https:\/\/nnremorques.ca\/en\/wp-json\/wp\/v2\/pages"}],"about":[{"href":"https:\/\/nnremorques.ca\/en\/wp-json\/wp\/v2\/types\/page"}],"author":[{"embeddable":true,"href":"https:\/\/nnremorques.ca\/en\/wp-json\/wp\/v2\/users\/6"}],"replies":[{"embeddable":true,"href":"https:\/\/nnremorques.ca\/en\/wp-json\/wp\/v2\/comments?post=16656"}],"version-history":[{"count":60,"href":"https:\/\/nnremorques.ca\/en\/wp-json\/wp\/v2\/pages\/16656\/revisions"}],"predecessor-version":[{"id":20655,"href":"https:\/\/nnremorques.ca\/en\/wp-json\/wp\/v2\/pages\/16656\/revisions\/20655"}],"wp:featuredmedia":[{"embeddable":true,"href":"https:\/\/nnremorques.ca\/en\/wp-json\/wp\/v2\/media\/16900"}],"wp:attachment":[{"href":"https:\/\/nnremorques.ca\/en\/wp-json\/wp\/v2\/media?parent=16656"}],"wp:term":[{"taxonomy":"category","embeddable":true,"href":"https:\/\/nnremorques.ca\/en\/wp-json\/wp\/v2\/categories?post=16656"},{"taxonomy":"post_tag","embeddable":true,"href":"https:\/\/nnremorques.ca\/en\/wp-json\/wp\/v2\/tags?post=16656"}],"curies":[{"name":"wp","href":"https:\/\/api.w.org\/{rel}","templated":true}]}}